{"id":85,"date":"2020-09-30T13:25:39","date_gmt":"2020-09-30T13:25:39","guid":{"rendered":"http:\/\/spstawiski.pl\/?page_id=85"},"modified":"2021-10-11T22:35:41","modified_gmt":"2021-10-11T22:35:41","slug":"historia-szkoly","status":"publish","type":"page","link":"https:\/\/spstawiski.pl\/?page_id=85","title":{"rendered":"HISTORIA SZKO\u0141Y"},"content":{"rendered":"<h1 class=\"page-title\" style=\"text-align: center;\">HISTORIA SZKO\u0141Y<\/h1>\n<p>Tradycja szkolnictwa w Stawiskach jest bardzo d\u0142uga, gdy\u017c si\u0119ga oko\u0142o 130 lat wstecz. Pierwsza pisemna wzmianka pochodzi z 1867 roku, kiedy to ukaz carski, w ramach represji po Powstaniu Styczniowym rozwi\u0105zywa\u0142 wszystkie zakony, w tym r\u00f3wnie\u017c Zakon Franciszkan\u00f3w w Stawiskach.<\/p>\n<p>W tym te\u017c roku zapad\u0142a decyzja w sprawie klasztoru pofranciszka\u0144skiego. Ot\u00f3\u017c po\u0142ow\u0119 parteru od wschodniej strony i cz\u0119\u015b\u0107 ogrodu przyklasztornego oddano do dyspozycji Kuratora Okr\u0119gu Naukowego, kt\u00f3ry przekaza\u0142 to wszystko na pomieszczenia szko\u0142y elementarnej.<\/p>\n<p style=\"font-weight: 400; text-align: justify;\">Kolejna informacja dotycz\u0105ca szko\u0142y zosta\u0142a zapisana pod dat\u0105\u00a0<strong>17.VIII.1912<\/strong> roku, a pochodzi z Wizytacji Duszpasterskiej Diecezji Sejne\u0144skiej, do kt\u00f3rej Stawiski w\u00f3wczas nale\u017ca\u0142y. Brzmi ona nast\u0119puj\u0105co:<\/p>\n<blockquote>\n<p style=\"font-weight: 400; text-align: justify;\"><strong>&#8222;<em>Na terenie parafii jest jedna szko\u0142a elementarna. Nauczyciel jest katolikiem. Szko\u0142a nie ma katechety, sam nauczyciel uczy katechizmu z upowa\u017cnienia w\u0142adz ko\u015bcielnych&#8221;<\/em><\/strong>.<\/p>\n<\/blockquote>\n<p style=\"font-weight: 400; text-align: justify;\">Burzliwy okres I Wojny \u015awiatowej zaznaczy\u0142 si\u0119 r\u00f3wnie\u017c w stawiskowskiej o\u015bwiacie. Decyzj\u0105 w\u0142adz niemieckich latem 1915 roku specjalna 2-3 osobowa komisja spisywa\u0142a roczniki dzieci w wieku szkolnym. U pana Zieli\u0144skiego na ul. Utrata mie\u015bci\u0142a si\u0119 swoista &#8222;ksi\u0119garnia&#8221;, w kt\u00f3rej rodzice zaopatrywali dzieci do klasy I w \u201eElementarz\u201d Augusta Jeskiego, &#8222;Dzieje Biblijne&#8221; ksi\u0119dza Kowalskiego i inne przybory. Lekcje prowadzi\u0142 pan Chodnicki w ostatnim domu na ulicy Wiejskiej.<\/p>\n<p style=\"font-weight: 400; text-align: justify;\">Kilka miesi\u0119cy p\u00f3\u017aniej zosta\u0142a za\u0142o\u017cona szko\u0142a w klasztorze, w kt\u00f3rej nauczyciel Stanis\u0142aw Puchalski uczy\u0142 pisania, czytania, kaligrafii, cyfr, rysunk\u00f3w. Lekcja religii odbywa\u0142a si\u0119 w przeciwleg\u0142ym rogu tego budynku, a prowadzona by\u0142a przez proboszcza Juliana Czarneckiego. W roku szkolnym 1916\/1917 lekcje dla klasy I odbywa\u0142y si\u0119 w tym samym miejscu (uczy\u0142 nauczyciel Stanis\u0142aw Laskowski), za\u015b dla klasy II \u2013 w domu wynaj\u0119tym przez \u017cyda o nazwisku Zimny na ul. D\u0142ugiej.<\/p>\n<p style=\"font-weight: 400; text-align: justify;\">We wrze\u015bniu 1921 roku zosta\u0142a zawi\u0105zana siedmioklasowa\u00a0<em>Publiczna Szko\u0142a Powszechna<\/em>. Przez p\u00f3\u0142tora roku jej kierownikiem by\u0142 Konstanty J\u00f3zi\u0144ski. Powi\u0119kszy\u0142 grono pedagogiczne, wprowadzi\u0142 r\u00f3\u017cne metody nauczania oraz surow\u0105 dyscyplin\u0119. Nast\u0119pnym kierownikiem by\u0142 Jan Kotarski, p\u00f3\u017aniejszy wyk\u0142adowca\u00a0<em>Pa\u0144stwowego M\u0119skiego Seminarium Nauczycielskiego w \u0141om\u017cy.<\/em><\/p>\n<p style=\"font-weight: 400; text-align: justify;\">Komitet Rodzicielski z pomoc\u0105 rodzic\u00f3w ufundowa\u0142 szkole pi\u0119kny sztandar z\u00a0wizerunkiem patrona szko\u0142y \u2013 bajkopisarza\u00a0<strong>Stanis\u0142awa Jachowicza<\/strong>. Sztandar ten ukryty w\u00a0czasie wojny nigdy nie zosta\u0142 odnaleziony.<\/p>\n<h3 style=\"font-weight: 400; text-align: center;\"><strong>Geneza nowego budynku szkolnego<\/strong><\/h3>\n<p style=\"text-align: center;\"><img loading=\"lazy\" decoding=\"async\" class=\"alignnone wp-image-258\" src=\"https:\/\/spstawiski.pl\/wp-content\/uploads\/2020\/10\/041028102441.jpg\" alt=\"szko\u0142a\" width=\"850\" height=\"629\" srcset=\"https:\/\/spstawiski.pl\/wp-content\/uploads\/2020\/10\/041028102441.jpg 437w, https:\/\/spstawiski.pl\/wp-content\/uploads\/2020\/10\/041028102441-300x222.jpg 300w\" sizes=\"auto, (max-width: 850px) 100vw, 850px\" \/><\/p>\n<p style=\"font-weight: 400; text-align: justify;\">Do powstania nowego budynku szkolnego przy ulicy Polowej 12 przyczyni\u0142 si\u0119 w du\u017cej mierze niezwykle przebojowy proboszcz, ksi\u0105dz Aleksy \u0141ada. On to wraz z grup\u0105 m\u0142odzie\u017cy, licz\u0105c\u0105 oko\u0142o 200 os\u00f3b rozebra\u0142 w nocy przybud\u00f3wk\u0119, b\u0119d\u0105c\u0105 w\u0142asno\u015bci\u0105 kierownika szko\u0142y, mieszcz\u0105cej si\u0119 w klasztorze. Przybud\u00f3wka ta utrudnia\u0142a procesj\u0119 dooko\u0142a ko\u015bcio\u0142a. Sytuacja ta grozi\u0142a procesem s\u0105dowym, zw\u0142aszcza, \u017ce kolejnym posuni\u0119ciem proboszcza by\u0142o usuni\u0119cie kierownika szko\u0142y z mieszkania w klasztorze. Ksi\u0105dz Aleksy \u0141ada za\u0142agodzi\u0142 jednak t\u0119 spraw\u0119. Ceg\u0142\u0119 z rozbi\u00f3rki przeznaczy\u0142 na budow\u0119 nowej szko\u0142y, kt\u00f3rej sam by\u0142 inicjatorem, a tak\u017ce stan\u0105\u0142 na czele\u00a0<em>Komitetu Budowy Szko\u0142y z funkcj\u0105 prezesa<\/em>. Dziedzic Stanis\u0142aw Kisielnicki podarowa\u0142 pod przysz\u0142\u0105 szko\u0142\u0119 plac o powierzchni 1 ha.<\/p>\n<p style=\"text-align: center;\"><img loading=\"lazy\" decoding=\"async\" class=\"alignnone wp-image-260\" src=\"https:\/\/spstawiski.pl\/wp-content\/uploads\/2020\/10\/041028103017.jpg\" alt=\"komitet\" width=\"857\" height=\"619\" srcset=\"https:\/\/spstawiski.pl\/wp-content\/uploads\/2020\/10\/041028103017.jpg 403w, https:\/\/spstawiski.pl\/wp-content\/uploads\/2020\/10\/041028103017-300x217.jpg 300w\" sizes=\"auto, (max-width: 857px) 100vw, 857px\" \/><\/p>\n<h3 style=\"text-align: center;\"><strong>Szko\u0142a w latach 1936 &#8211; 1955<\/strong><\/h3>\n<p style=\"text-align: justify;\">Szko\u0142\u0119 budowano w latach 1935\/36. Rok szkolny rozpocz\u0119to w nowej szkole, mieszcz\u0105cej 7 przestronnych sal lekcyjnych, mieszkanie dla kierownika i kancelari\u0119.<\/p>\n<p style=\"text-align: justify;\">W budynku podczas okupacji radzieckiej od dnia 23.XI.1939 r. do 22.VI.1941 r. funkcjonowa\u0142a szko\u0142a, lecz na zmienionych zasadach. Obowi\u0105zywa\u0142 program szk\u00f3\u0142 radzieckich. Ksi\u0105\u017cki w j\u0119zyku polskim by\u0142y sprowadzane z Pa\u0144stwowego Wydawnictwa Mniejszo\u015bci Narodowych USSR Kij\u00f3w \u2013 Lw\u00f3w. Do pracy stan\u0119\u0142o o\u015bmioro polskich nauczycieli:<\/p>\n<ul style=\"text-align: justify;\">\n<li>J. Kotarski,<\/li>\n<li>H. Laskowska,<\/li>\n<li>K. Koryci\u0144ska,<\/li>\n<li>K. Starostko,<\/li>\n<li>B. Starostko,<\/li>\n<li>Z. D\u0105browska,<\/li>\n<li>B. Bystry,<\/li>\n<li>M. Reut.<\/li>\n<\/ul>\n<p style=\"text-align: justify;\">I pi\u0119ciu \u017cydowskich nauczycieli:<\/p>\n<ul style=\"text-align: justify;\">\n<li>Szapiro,<\/li>\n<li>E. Bursztynowa,<\/li>\n<li>Z. Hackerowa,<\/li>\n<li>I. Chludniewicz,<\/li>\n<li>pi\u0105tego nazwiska nie uda\u0142o si\u0119 ustali\u0107.<\/li>\n<\/ul>\n<p style=\"text-align: justify;\">Od czerwca 1942 r. do lipca 1944 r. w budynku szkolnym mie\u015bci\u0142 si\u0119 magazyn zbo\u017cowy, za\u015b od lipca 1944 r. do stycznia 1945 r. \u2013 posterunek obserwacji lotniczej oraz punkt zbiorczy ludzi \u0142apanych do pracy przy okopach.<\/p>\n<p style=\"text-align: justify;\">W ramach Delegatury Rz\u0105du genera\u0142a W\u0142adys\u0142awa Sikorskiego ju\u017c we wrze\u015bniu 1940 r. powsta\u0142\u00a0<em>Departament O\u015bwiaty i Kultury<\/em>. Zgodnie z instrukcj\u0105 o tajnym nauczaniu lekcje odbywa\u0142y si\u0119 po domach prywatnych.<\/p>\n<p style=\"text-align: justify;\">Wkr\u00f3tce po opuszczeniu przez Niemc\u00f3w Stawisk, dnia\u00a0<strong>15 lutego 1945 roku<\/strong>\u00a0zawi\u0105za\u0142 si\u0119 Komitet Organizacyjny i powo\u0142a\u0142 do pracy nauczycieli, kt\u00f3rzy byli na miejscu, kt\u00f3rzy si\u0119 ukrywali lub wr\u00f3cili z tu\u0142aczki i oboz\u00f3w pracy Zarz\u0105d Miejski powierzy\u0142 organizowanie i\u00a0kierowanie szko\u0142\u0105 Panu\u00a0<strong>J.D. Rojewskiemu.<\/strong><\/p>\n<p style=\"text-align: justify;\"><strong>Nazwiska pierwszych powojennych nauczycieli:<\/strong><span style=\"font-weight: 400;\">\u00a0<\/span><\/p>\n<ol>\n<li>Emilia Rojewska;<\/li>\n<li>Julian Rojewski;<\/li>\n<li>Stanis\u0142aw Jab\u0142o\u0144ski;<\/li>\n<li>Helena Laskowska;<\/li>\n<li>Maria Reutt (kierownik szko\u0142y w latach 1950 \u2013 1954);<\/li>\n<li>Bronis\u0142awa Starostko (kierownik szko\u0142y w latach 1954 \u2013 1955);<\/li>\n<li>Janina Bruli\u0144ska;<\/li>\n<li>Alina Chojnowska;<\/li>\n<li>Ryszard Chojnowski;<\/li>\n<li>Jadwiga Chrostowska;<\/li>\n<li>Zofia D\u0105browska;<\/li>\n<li>Alina Sutkowska.<\/li>\n<\/ol>\n<figure id=\"attachment_266\" aria-describedby=\"caption-attachment-266\" style=\"width: 1063px\" class=\"wp-caption aligncenter\"><img loading=\"lazy\" decoding=\"async\" class=\" wp-image-266\" src=\"https:\/\/spstawiski.pl\/wp-content\/uploads\/2020\/10\/041028103206.jpg\" alt=\"zdjecie klasowe\" width=\"1063\" height=\"685\" srcset=\"https:\/\/spstawiski.pl\/wp-content\/uploads\/2020\/10\/041028103206.jpg 545w, https:\/\/spstawiski.pl\/wp-content\/uploads\/2020\/10\/041028103206-300x193.jpg 300w\" sizes=\"auto, (max-width: 1063px) 100vw, 1063px\" \/><figcaption id=\"caption-attachment-266\" class=\"wp-caption-text\">Wychowawczyni Maria Reutt z klas\u0105<\/figcaption><\/figure>\n<h3 style=\"font-weight: 400; text-align: center;\"><strong>Szko\u0142a w latach 1955 &#8211; 1972<\/strong><\/h3>\n<p style=\"font-weight: 400; text-align: justify;\">D\u0142ugoletnim, kolejnym kierownikiem szko\u0142y by\u0142 Pan Tadeusz Kozikowski.<\/p>\n<p style=\"font-weight: 400; text-align: justify;\">W miesi\u0105cach od lutego do wrze\u015bnia 1957 r. dobudowano drugie skrzyd\u0142o szko\u0142y, budynek by\u0142 \u0142adniejszy i wygodniejszy. Do pracy w\u0142\u0105czyli si\u0119 rodzice, nauczyciele i\u00a0uczniowie. W roku szkolnym 1961\/62 czynem spo\u0142ecznym zosta\u0142a wybudowana pracownia do prac r\u0119cznych.<\/p>\n<p style=\"font-weight: 400; text-align: justify;\"><em>W latach\u00a0<strong>1971\/72<\/strong>\u00a0obowi\u0105zki kierownika pe\u0142ni\u0142 mgr Ludwik Kopka<\/em><\/p>\n<h3 style=\"font-weight: 400; text-align: center;\"><strong>Szko\u0142a w latach 1972 &#8211; 1996<\/strong><\/h3>\n<p style=\"font-weight: 400; text-align: justify;\"><u>Mgr J\u00d3ZEF DOMITRZ (1972 \u2013 1976) \u2013 Gminny dyrektor szk\u00f3\u0142.<\/u><\/p>\n<p style=\"font-weight: 400; text-align: justify;\">W roku szkolnym\u00a0<strong>1972\/73<\/strong>\u00a0zosta\u0142a zako\u0144czona budowa trzeciej cz\u0119\u015bci szko\u0142y, kt\u00f3ra zosta\u0142a po\u0142\u0105czona z pracowni\u0105 techniczn\u0105 i otrzyma\u0142a wygl\u0105d taki jaki ma obecnie. Szko\u0142a zosta\u0142a ogrodzona metalowymi prz\u0119s\u0142ami.<\/p>\n<p style=\"font-weight: 400; text-align: justify;\">Dnia\u00a0<strong>2.IX.1974<\/strong>\u00a0r. odby\u0142o si\u0119 otwarcie\u00a0<em>Izby Pami\u0119ci Narodowej<\/em>, do powstania kt\u00f3rej przyczyni\u0142a si\u0119\u00a0<strong>Pani Zdzis\u0142awa Samul.<\/strong><\/p>\n<p style=\"font-weight: 400; text-align: justify;\">Od prawej stoj\u0105:\u00a0<em>Ostrowski Zdzis\u0142aw, W\u0142odkowski Kazimierz, W\u0142odkowska Regina, Patalan Urszula, Jadwiga \u0141epkowska, Cedrowski Mieczys\u0142aw, Domitrz J\u00f3zef, go\u015b\u0107 z Kuratorium<\/em><\/p>\n<p style=\"font-weight: 400; text-align: justify;\"><u>Mgr CZES\u0141AW \u015aWIDERSKI (1976 \u2013 1991) &#8211; Gminny dyrektor szk\u00f3\u0142. Inspektor O\u015bwiaty i Wychowania w Stawiskach.<\/u><\/p>\n<p style=\"font-weight: 400; text-align: justify;\">W zwi\u0105zku z przypadaj\u0105c\u0105 w 1976 roku 550 \u2013 letni\u0105 rocznic\u0105 powstania Stawisk, w\u00a0dniach 4-5 wrze\u015bnia odby\u0142o si\u0119 wiele uroczysto\u015bci. Szko\u0142a otrzyma\u0142a imi\u0119\u00a0<strong><em>Tadeusza Ko\u015bciuszki<\/em>.<\/strong>\u00a0Odt\u0105d w dzie\u0144 przysi\u0119gi Naczelnika na Rynku Krakowskim, czyli\u00a0<em>24 marca<\/em>\u00a0obchodzone jest bardzo uroczy\u015bcie \u015awi\u0119to Szko\u0142y.<\/p>\n<p style=\"font-weight: 400; text-align: justify;\">Polonistka, Pani El\u017cbieta Jermacz dostosowa\u0142a s\u0142owa wiersza Ignacego Humanickiego pt. <em>\u201eZ twoich popio\u0142\u00f3w\u201d<\/em>\u00a0do potrzeb szko\u0142y, za\u015b nauczyciel muzyki, Pan Kazimierz W\u0142odkowski skomponowa\u0142 muzyk\u0119. W ten spos\u00f3b powsta\u0142 Hymn Szko\u0142y. Ze sk\u0142adek Komitetu Rodzicielskiego zosta\u0142 ufundowany sztandar szko\u0142y a od strony ulicy Polowej wmurowa\u0142o tablic\u0119.<\/p>\n<p style=\"font-weight: 400; text-align: justify;\">W roku 1990 w spos\u00f3b demokratyczny po raz pierwszy m\u0142odzie\u017c wybra\u0142a Samorz\u0105d Uczniowski, kt\u00f3ry pracowa\u0142 w wielu sekcjach.<\/p>\n<p style=\"font-weight: 400; text-align: justify;\"><u>Mgr in\u017c. JERZY RYBICKI (1991 \u2013 1998) \u2013 Dyrektor Szko\u0142y Podstawowej w Stawiskach<\/u><\/p>\n<p style=\"font-weight: 400; text-align: justify;\">Na wniosek Pani\u00a0<strong>El\u017cbiety Kuli\u015b<\/strong>\u00a0Izba Tradycji Szko\u0142y zosta\u0142a zamieniona na czytelni\u0119, kt\u00f3rej szkole brakowa\u0142o.<\/p>\n<p style=\"text-align: justify;\"><span style=\"font-weight: 400;\">Od dnia\u00a0<strong>31.V.1993 r.<\/strong>\u00a0szko\u0142a pracuje wg opracowanego w\u0142asnego statutu. W dalszym ci\u0105gu przestrzegany jest ceremonia\u0142 szko\u0142y. Wprowadzono r\u00f3wnie\u017c uroczyste pasowanie pierwszak\u00f3w na uczni\u00f3w naszej szko\u0142y.<\/span><\/p>\n<p style=\"text-align: center;\"><img loading=\"lazy\" decoding=\"async\" class=\"alignnone wp-image-270\" src=\"https:\/\/spstawiski.pl\/wp-content\/uploads\/2020\/10\/DSCF1536.jpg\" alt=\"plac zabaw\" width=\"1016\" height=\"762\" srcset=\"https:\/\/spstawiski.pl\/wp-content\/uploads\/2020\/10\/DSCF1536.jpg 800w, https:\/\/spstawiski.pl\/wp-content\/uploads\/2020\/10\/DSCF1536-300x225.jpg 300w, https:\/\/spstawiski.pl\/wp-content\/uploads\/2020\/10\/DSCF1536-768x576.jpg 768w\" sizes=\"auto, (max-width: 1016px) 100vw, 1016px\" \/><\/p>\n<p style=\"font-weight: 400; text-align: justify;\">W 2015 roku na wydzielonej cz\u0119\u015bci terenu przed szko\u0142\u0105 powsta\u0142 i zosta\u0142 oddany do\u00a0u\u017cytku nowy, kolorowy i bardzo atrakcyjny plac zabaw. Utworzenie placu zabaw by\u0142o mo\u017cliwe dzi\u0119ki pozyskaniu \u015brodk\u00f3w Europejskiego Funduszu Rolnego na rzecz Rozwoju Obszar\u00f3w Wiejskich na operacj\u0119 z zakresu ma\u0142ych projekt\u00f3w w ramach dzia\u0142ania 413 \u201eWdra\u017canie lokalnych strategii rozwoju\u201d obj\u0119tego PROW na lata 2007 \u2013 2013.<\/p>\n<p style=\"font-weight: 400; text-align: justify;\">W szkole du\u017c\u0105 wag\u0119 przywi\u0105zuje si\u0119 do kszta\u0142cenia patriotyzmu. Uczniowie dostojnie prezentuj\u0105 w recytacji wybranych tekst\u00f3w i \u015bpiewie upami\u0119tnienie \u015bwi\u0105t narodowych:\u00a0<a href=\"http:\/\/www.spstawiski.internetdsl.pl\/aktualnosci.html\">Dnia Edukacji Narodowej<\/a>, \u015awi\u0119ta Niepodleg\u0142o\u015bci,\u00a0<a href=\"http:\/\/www.spstawiski.internetdsl.pl\/aktualnosci.html\">Rocznicy Wybuchu Powstania Styczniowego<\/a>\u00a0i\u00a0Uchwalenie Konstytucji 3 Maja.\u00a0Uczniowie rozumiej\u0105, ze nar\u00f3d, kt\u00f3ry zapomni sw\u0105 przesz\u0142o\u015b\u0107 skazany jest\u00a0\u00a0na bolesne doznania dlatego, pami\u0119taj\u0105.<\/p>\n<p style=\"text-align: center;\"><img loading=\"lazy\" decoding=\"async\" class=\"alignnone wp-image-272\" src=\"https:\/\/spstawiski.pl\/wp-content\/uploads\/2020\/10\/1-16.jpg\" alt=\"patron\" width=\"1149\" height=\"767\" srcset=\"https:\/\/spstawiski.pl\/wp-content\/uploads\/2020\/10\/1-16.jpg 800w, https:\/\/spstawiski.pl\/wp-content\/uploads\/2020\/10\/1-16-300x200.jpg 300w, https:\/\/spstawiski.pl\/wp-content\/uploads\/2020\/10\/1-16-768x513.jpg 768w\" sizes=\"auto, (max-width: 1149px) 100vw, 1149px\" \/><\/p>\n<p style=\"font-weight: 400; text-align: justify;\">Co roku obchodzone jest r\u00f3wnie\u017c \u015awi\u0119to Szko\u0142y. Przybli\u017ca ono nie tylko posta\u0107 patrona szko\u0142y, ale r\u00f3wnie\u017c jest dobr\u0105 okazj\u0105 do poznania bogatej historii Szko\u0142y Podstawowej w Stawiskach. Ta niecodzienna uroczysto\u015b\u0107 toczy si\u0119 w\u015br\u00f3d zaproszonych go\u015bci, nauczycieli emeryt\u00f3w, nauczycieli, dzieci i rodzic\u00f3w. Uczniowie z r\u00f3\u017cnych klas w bardzo ciekawy i obrazowy spos\u00f3b przedstawiaj\u0105 wielkie zas\u0142ugi T. Ko\u015bciuszki w walce o niepodleg\u0142o\u015b\u0107 Polski i Stan\u00f3w Zjednoczonych. Dekoracje i stroje &#8222;aktor\u00f3w&#8221; umo\u017cliwiaj\u0105 widzom przeniesienie si\u0119 my\u015blami do tamtych czas\u00f3w. Uroczysto\u015b\u0107 zako\u0144czona jest od\u015bpiewaniem piosenki &#8222;Nasz Ko\u015bciuszko&#8221; i pami\u0105tkowym zdj\u0119ciem.<\/p>\n<p style=\"font-weight: 400; text-align: justify;\">Uczniowie podejmuj\u0105 dzia\u0142ania maj\u0105ce na celu kszta\u0142towanie postaw prospo\u0142ecznych i\u00a0rozbudzanie empatii. Szko\u0142a uczestniczy w r\u00f3\u017cnego rodzaju akcjach charytatywnych:\u00a0<em>G\u00f3ra grosza,<\/em> Akcja &#8222;odkr\u0119camy zakr\u0119tki&#8221; dla hospicjum w \u0141om\u017cy &#8211; zbi\u00f3rka nakr\u0119tek na zakup w\u00f3zk\u00f3w inwalidzkich i sprz\u0119tu rehabilitacyjnego. W szkole obchodzony jest r\u00f3wnie\u017c Mi\u0119dzynarodowy Dzie\u0144 Os\u00f3b Niepe\u0142nosprawnych pod has\u0142em &#8222;Ka\u017cdy inny, wszyscy r\u00f3wni&#8221;. Przy szkole na pobliskich drzewach zawieszane s\u0105 przed zim\u0105 drewniane karmniki dla ptak\u00f3w, kt\u00f3re uczniowie wykonali sami lub prze pomocy rodzic\u00f3w. Ju\u017c od p\u00f3\u017anej jesieni systematycznie ptaki znajduj\u0105 tam ziarna. W ten spos\u00f3b rozwijana jest wra\u017cliwo\u015b\u0107 dzieci, ucz\u0105 si\u0119 udzielania pomocy potrzebuj\u0105cym, wyrabiany jest w nich nawyk dzielenia si\u0119 z innymi.<\/p>\n<p style=\"font-weight: 400; text-align: justify;\">Szko\u0142a dba o propagowanie postaw proekologicznych i zdrowego trybu \u017cycia w\u015br\u00f3d uczni\u00f3w. Uczniowie systematycznie uczestnicz\u0105 w akcji <em>Sprz\u0105tanie \u015bwiata<\/em>. Szko\u0142a przy\u0142\u0105czy\u0142a si\u0119 r\u00f3wnie\u017c do akcji edukacyjnej &#8222;\u015aniadanie daje moc\u201d. Celem tej akcji jest zwi\u0119kszenie \u015bwiadomo\u015bci na temat zdrowego od\u017cywiania i roli \u015bniadania w diecie dziecka. Inne programy zdrowotno \u2013 profilaktyczne, w kt\u00f3rych uczestniczy szko\u0142a to: &#8222;Zdrowie to skarb&#8221;, &#8222;Czuj\u0119 si\u0119 bezpiecznie w swojej szkole&#8221;, &#8222;Nie pal przy mnie, prosz\u0119&#8221;, &#8222;Tydzie\u0144 przeciwko przemocy\u201d, &#8222;Jem zdrowo \u2013 zdrowo \u017cyj\u0119&#8221;, &#8222;Zachowaj trze\u017awy umys\u0142&#8221; oraz &#8222;Znajd\u017a w\u0142a\u015bciwe rozwi\u0105zanie&#8221;. Za realizacje program\u00f3w odpowiedzialne s\u0105 poszczeg\u00f3lne zespo\u0142y i pedagog szkolny.<\/p>\n<p style=\"font-weight: 400; text-align: justify;\">Promowany jest aktywny tryb \u017cycia. W szkole dzia\u0142a Uczniowski Klub Sportowy i\u00a0Szkolne Ko\u0142o Sportowe. Uczniowie pod opiek\u0105 nauczyciela wychowania fizycznego bior\u0105 udzia\u0142 w czwartkach lekkoatletycznych. Mimo braku w\u0142a\u015bciwego wyposa\u017cenia w sprz\u0119t sportowy, dzi\u0119ki zaanga\u017cowaniu nauczyciela wychowania fizycznego uczniowie odnosz\u0105 sukcesy we wsp\u00f3\u0142zawodnictwie z innymi szko\u0142ami, nie tylko na szczeblu gminy, ale r\u00f3wnie\u017c powiatu i wojew\u00f3dztwa.<\/p>\n<p style=\"text-align: center;\"><img loading=\"lazy\" decoding=\"async\" class=\"alignnone wp-image-274\" src=\"https:\/\/spstawiski.pl\/wp-content\/uploads\/2020\/10\/IMG_5847.jpg\" alt=\"bieg bobra\" width=\"1026\" height=\"685\" srcset=\"https:\/\/spstawiski.pl\/wp-content\/uploads\/2020\/10\/IMG_5847.jpg 800w, https:\/\/spstawiski.pl\/wp-content\/uploads\/2020\/10\/IMG_5847-300x200.jpg 300w, https:\/\/spstawiski.pl\/wp-content\/uploads\/2020\/10\/IMG_5847-768x513.jpg 768w\" sizes=\"auto, (max-width: 1026px) 100vw, 1026px\" \/><\/p>\n<p style=\"font-weight: 400; text-align: justify;\">Po kilku latach przerwy powr\u00f3cono do organizacji imprezy rekreacyjno &#8211; biegowej, pn. &#8222;<strong>Bieg Bobra&#8221;.\u00a0<\/strong>Na malowniczych trasach biegowych, naj\u0142adniejszego miejsca w naszej gminie, Sokolisze, 16 wrze\u015bnia wszyscy uczniowie wraz z wychowawcami spotykaj\u0105 si\u0119, by uczestniczy\u0107 w tej imprezie. Celem imprezy jest propagowanie powszechnej aktywno\u015bci fizycznej, zdrowego stylu \u017cycia, poznanie urok\u00f3w naszej najbli\u017cszej okolicy, jak r\u00f3wnie\u017c integracja zespo\u0142\u00f3w klasowych.<\/p>\n<p style=\"font-weight: 400; text-align: justify;\">Szczeg\u00f3ln\u0105 uwag\u0119 przywi\u0105zujemy do pracy z uczniem zdolnym. Co roku szko\u0142a uczestniczy w konkursach przedmiotowych z j\u0119zyka polskiego, historii, j\u0119zyka angielskiego, matematyki oraz przyrody. D\u0105\u017cymy do rozwijania kreatywno\u015bci i talent\u00f3w plastycznych naszych uczni\u00f3w. Dzi\u0119ki udzia\u0142owi w r\u00f3\u017cnego rodzaju konkursach plastycznych wzrasta wra\u017cliwo\u015b\u0107 artystyczna dzieci i ich umiej\u0119tno\u015bci, o czym \u015bwiadcz\u0105 sukcesy naszych uczni\u00f3w.<\/p>\n<p style=\"font-weight: 400; text-align: justify;\">W rocznic\u0119 jak na Stolicy Piotrowej zasiad\u0142 Polak Karol Wojty\u0142a w szkole organizowany jest Dzie\u0144 Papieski. Jeste\u015bmy dumni z naszego Ojca \u015awi\u0119tego. W pa\u017adzierniku katecheci dbaj\u0105 o to, by na korytarzach wyeksponowa\u0107 gazetki o \u017cyciu i nauczaniu Jana Paw\u0142a II i przeprowadzaj\u0105 w klasach konkursy wiedzy. Natomiast uczniowie klas V i VI przegotowuj\u0105 cz\u0119\u015b\u0107 artystyczn\u0105, podczas kt\u00f3rej przewodnim has\u0142em s\u0105 s\u0142owa wypowiedziane przez naszego ukochanego J.P. II: &#8222;Szukajcie \u015bwi\u0119to\u015bci w \u017cyciu codziennym&#8221;.<\/p>\n<p style=\"font-weight: 400; text-align: justify;\">W ci\u0105gu ostatnich lat szko\u0142a uczestniczy\u0142a w projektach edukacyjnych finansowanych ze \u015brodk\u00f3w unijnych. Efektem tego uczestnictwa w projektach jest wzrost kompetencji\u00a0 nauczycieli, a przede wszystkim mo\u017cliwo\u015b\u0107 udzia\u0142u naszych uczni\u00f3w w dodatkowych zaj\u0119ciach, kt\u00f3re umo\u017cliwiaj\u0105 im wszechstronny rozw\u00f3j<\/p>\n","protected":false},"excerpt":{"rendered":"<p>HISTORIA SZKO\u0141Y Tradycja szkolnictwa w Stawiskach jest bardzo d\u0142uga, gdy\u017c si\u0119ga oko\u0142o 130 lat wstecz. Pierwsza pisemna wzmianka pochodzi z 1867 roku, kiedy to ukaz&hellip;<\/p>\n","protected":false},"author":1,"featured_media":0,"parent":0,"menu_order":0,"comment_status":"closed","ping_status":"closed","template":"","meta":{"footnotes":""},"class_list":["post-85","page","type-page","status-publish","hentry"],"_links":{"self":[{"href":"https:\/\/spstawiski.pl\/index.php?rest_route=\/wp\/v2\/pages\/85","targetHints":{"allow":["GET"]}}],"collection":[{"href":"https:\/\/spstawiski.pl\/index.php?rest_route=\/wp\/v2\/pages"}],"about":[{"href":"https:\/\/spstawiski.pl\/index.php?rest_route=\/wp\/v2\/types\/page"}],"author":[{"embeddable":true,"href":"https:\/\/spstawiski.pl\/index.php?rest_route=\/wp\/v2\/users\/1"}],"replies":[{"embeddable":true,"href":"https:\/\/spstawiski.pl\/index.php?rest_route=%2Fwp%2Fv2%2Fcomments&post=85"}],"version-history":[{"count":23,"href":"https:\/\/spstawiski.pl\/index.php?rest_route=\/wp\/v2\/pages\/85\/revisions"}],"predecessor-version":[{"id":2216,"href":"https:\/\/spstawiski.pl\/index.php?rest_route=\/wp\/v2\/pages\/85\/revisions\/2216"}],"wp:attachment":[{"href":"https:\/\/spstawiski.pl\/index.php?rest_route=%2Fwp%2Fv2%2Fmedia&parent=85"}],"curies":[{"name":"wp","href":"https:\/\/api.w.org\/{rel}","templated":true}]}}