{"id":423,"date":"2020-10-02T13:39:44","date_gmt":"2020-10-02T13:39:44","guid":{"rendered":"https:\/\/spstawiski.pl\/?page_id=423"},"modified":"2021-10-11T22:42:47","modified_gmt":"2021-10-11T22:42:47","slug":"biblioteka","status":"publish","type":"page","link":"https:\/\/spstawiski.pl\/?page_id=423","title":{"rendered":"BIBLIOTEKA"},"content":{"rendered":"<p style=\"text-align: center;\"><img loading=\"lazy\" decoding=\"async\" class=\"alignnone size-full wp-image-425\" src=\"https:\/\/spstawiski.pl\/wp-content\/uploads\/2020\/10\/Biblioteka.jpg\" alt=\"BIBLIOTEKA\" width=\"1280\" height=\"640\" srcset=\"https:\/\/spstawiski.pl\/wp-content\/uploads\/2020\/10\/Biblioteka.jpg 1280w, https:\/\/spstawiski.pl\/wp-content\/uploads\/2020\/10\/Biblioteka-300x150.jpg 300w, https:\/\/spstawiski.pl\/wp-content\/uploads\/2020\/10\/Biblioteka-1024x512.jpg 1024w, https:\/\/spstawiski.pl\/wp-content\/uploads\/2020\/10\/Biblioteka-768x384.jpg 768w, https:\/\/spstawiski.pl\/wp-content\/uploads\/2020\/10\/Biblioteka-600x300.jpg 600w\" sizes=\"auto, (max-width: 1280px) 100vw, 1280px\" \/><\/p>\n<h1 style=\"text-align: center;\">BIBLIOTEKA<\/h1>\n<p style=\"text-align: center;\"><strong>PLAN PRACY BIBLIOTEKI SZKOLNEJ<br \/>\nSZKO\u0141Y PODSTAWOWEJ W STAWISKACH<\/strong><\/p>\n<p>&nbsp;<\/p>\n<p style=\"text-align: center;\"><strong>PONIEDZIA\u0141EK &#8211; 8<sup>00 <\/sup>&#8211; 14<sup>00<\/sup><\/strong><\/p>\n<p style=\"text-align: center;\"><strong>WTOREK &#8211; 8<sup>00<\/sup> &#8211; 15<sup>00<\/sup><\/strong><\/p>\n<p style=\"text-align: center;\"><strong>\u015aRODA &#8211; 8<sup>00<\/sup> &#8211; 15<sup>00<\/sup><\/strong><\/p>\n<p style=\"text-align: center;\"><strong>CZWARTEK &#8211;\u00a0 8<sup>00<\/sup> &#8211; 14<sup>00<\/sup><\/strong><\/p>\n<p style=\"text-align: center;\"><strong>PI\u0104TEK &#8211; 8<sup>00<\/sup> &#8211; 12<sup>00<\/sup><\/strong><\/p>\n","protected":false},"excerpt":{"rendered":"<p>BIBLIOTEKA PLAN PRACY BIBLIOTEKI SZKOLNEJ SZKO\u0141Y PODSTAWOWEJ W STAWISKACH &nbsp; PONIEDZIA\u0141EK &#8211; 800 &#8211; 1400 WTOREK &#8211; 800 &#8211; 1500 \u015aRODA &#8211; 800 &#8211; 1500&hellip;<\/p>\n","protected":false},"author":1,"featured_media":0,"parent":0,"menu_order":0,"comment_status":"closed","ping_status":"closed","template":"","meta":{"footnotes":""},"class_list":["post-423","page","type-page","status-publish","hentry"],"_links":{"self":[{"href":"https:\/\/spstawiski.pl\/index.php?rest_route=\/wp\/v2\/pages\/423","targetHints":{"allow":["GET"]}}],"collection":[{"href":"https:\/\/spstawiski.pl\/index.php?rest_route=\/wp\/v2\/pages"}],"about":[{"href":"https:\/\/spstawiski.pl\/index.php?rest_route=\/wp\/v2\/types\/page"}],"author":[{"embeddable":true,"href":"https:\/\/spstawiski.pl\/index.php?rest_route=\/wp\/v2\/users\/1"}],"replies":[{"embeddable":true,"href":"https:\/\/spstawiski.pl\/index.php?rest_route=%2Fwp%2Fv2%2Fcomments&post=423"}],"version-history":[{"count":3,"href":"https:\/\/spstawiski.pl\/index.php?rest_route=\/wp\/v2\/pages\/423\/revisions"}],"predecessor-version":[{"id":2225,"href":"https:\/\/spstawiski.pl\/index.php?rest_route=\/wp\/v2\/pages\/423\/revisions\/2225"}],"wp:attachment":[{"href":"https:\/\/spstawiski.pl\/index.php?rest_route=%2Fwp%2Fv2%2Fmedia&parent=423"}],"curies":[{"name":"wp","href":"https:\/\/api.w.org\/{rel}","templated":true}]}}