{"id":1795,"date":"2020-09-21T13:08:32","date_gmt":"2020-09-21T13:08:32","guid":{"rendered":"https:\/\/spstawiski.pl\/?page_id=1795"},"modified":"2026-04-21T08:32:16","modified_gmt":"2026-04-21T08:32:16","slug":"deklaracja-dostepnosci-strony-internetowej-szkoly-podstawowej-im-tadeusza-kosciuszki-w-stawiskach","status":"publish","type":"page","link":"https:\/\/spstawiski.pl\/?page_id=1795","title":{"rendered":"Deklaracja dost\u0119pno\u015bci strony internetowej Szko\u0142y Podstawowej im. Tadeusza Ko\u015bciuszki w Stawiskach"},"content":{"rendered":"<p style=\"text-align: center;\"><img loading=\"lazy\" decoding=\"async\" class=\"alignnone wp-image-1799\" src=\"https:\/\/spstawiski.pl\/wp-content\/uploads\/2021\/03\/dostepnosc_sp.png\" alt=\"Obrazek dekoracyjny kategorii dost\u0119pno\u015b\u0107\" width=\"900\" height=\"278\" srcset=\"https:\/\/spstawiski.pl\/wp-content\/uploads\/2021\/03\/dostepnosc_sp.png 778w, https:\/\/spstawiski.pl\/wp-content\/uploads\/2021\/03\/dostepnosc_sp-300x93.png 300w, https:\/\/spstawiski.pl\/wp-content\/uploads\/2021\/03\/dostepnosc_sp-768x237.png 768w\" sizes=\"auto, (max-width: 900px) 100vw, 900px\" \/><\/p>\n<h1 style=\"text-align: center;\">Deklaracja dost\u0119pno\u015bci<\/h1>\n<section id=\"a11y-wstep\"><span id=\"a11y-podmiot\">Szko\u0142a Podstawa im. Tadeusza Ko\u015bciuszki w Stawiskach<\/span> zobowi\u0105zuje si\u0119 zapewni\u0107 dost\u0119pno\u015b\u0107 swojej <span id=\"a11y-zakres\">strony internetowej<\/span> zgodnie z ustaw\u0105 z dnia 4 kwietnia 2019 r. o dost\u0119pno\u015bci cyfrowej stron internetowych i aplikacji mobilnych podmiot\u00f3w publicznych. Deklaracja dost\u0119pno\u015bci dotyczy strony <a id=\"a11y-url\" href=\"https:\/\/spstawiski.pl\">spstawiski.pl<\/a>.<\/section>\n<ul>\n<li style=\"list-style-type: none;\">\n<ul>\n<li>Data publikacji strony internetowej: <time id=\"a11y-data-publikacja\" datetime=\"2020-09-01\">1 wrze\u015bnia 2020 r.<\/time><\/li>\n<li>Data ostatniej istotnej aktualizacji: <time id=\"a11y-data-aktualizacja\" datetime=\"2021-06-06\">10 marca 2021 r.<\/time><\/li>\n<\/ul>\n<\/li>\n<\/ul>\n<h2>Stan dost\u0119pno\u015bci cyfrowej<\/h2>\n<p id=\"a11y-status\">Ta strona internetowa jest cz\u0119\u015bciowo zgodna z za\u0142\u0105cznikiem do ustawy o dost\u0119pno\u015bci cyfrowej z dnia 4 kwietnia 2019 r. o dost\u0119pno\u015bci cyfrowej stron internetowych i aplikacji mobilnych podmiot\u00f3w publicznych z powodu niezgodno\u015bci i wy\u0142\u0105cze\u0144 wymienionych poni\u017cej.<\/p>\n<h2>Niedost\u0119pne tre\u015bci<\/h2>\n<h3>Niezgodno\u015b\u0107 z za\u0142\u0105cznikiem<\/h3>\n<ul>\n<li>W wi\u0119kszo\u015bci film\u00f3w nie ma napis\u00f3w;<\/li>\n<li>Brak opis\u00f3w alternatywnych dla niekt\u00f3rych zdj\u0119\u0107\/obraz\u00f3w;<\/li>\n<\/ul>\n<h3>Tre\u015bci nieobj\u0119te przepisami<\/h3>\n<ul>\n<li>Zamieszczone na stronie informacje publiczne, w postaci za\u0142\u0105cznik\u00f3w s\u0105 cz\u0119sto w formie skan\u00f3w (z uwagi na charakter informacji publicznej) lub nie s\u0105 wykorzystywane do realizacji bie\u017c\u0105cych zada\u0144 szko\u0142y.<\/li>\n<\/ul>\n<section id=\"a11y-architektura\">\n<h3>Dost\u0119pno\u015b\u0107 architektoniczna<\/h3>\n<h4>Szko\u0142a Podstawowa im. T. Ko\u015bciuszki w Stawiskach &#8211; ul. Polowa 12<\/h4>\n<p>W budynku Szko\u0142y Podstawowej w Stawiskach istniej\u0105 bariery architektoniczne uniemo\u017cliwiaj\u0105ce obs\u0142ug\u0119 os\u00f3b z niepe\u0142nosprawno\u015bciami (schody, r\u00f3\u017cnice poziom\u00f3w, brak urz\u0105dze\u0144 do obs\u0142ugi os\u00f3b s\u0142abos\u0142ysz\u0105cych, niedowidz\u0105cych). Obs\u0142uga os\u00f3b z niepe\u0142nosprawno\u015bci\u0105 ruchow\u0105 odbywa si\u0119 na parterze budynku &#8211; w sekretariacie szko\u0142y. Personel szkolny wspiera przemieszczanie si\u0119 os\u00f3b niepe\u0142nosprawnych oraz ich ewakuacj\u0119 przy wyst\u0105pieniu sytuacji kryzysowej. Szko\u0142a ma wydzielone miejsce parkingowe dla os\u00f3b niepe\u0142nosprawnych od strony ulicy Cedrowskiej. W budynku brak jest windy. Jest natomiast podjazd dla os\u00f3b na w\u00f3zkach inwalidzkich. Do starego budynku szko\u0142y zosta\u0142a dobudowana nowa cz\u0119\u015b\u0107, kt\u00f3ra jest dostosowana do os\u00f3b niepe\u0142nosprawnych. Do Szko\u0142y mo\u017cna wej\u015b\u0107 od strony ulicy Cedrowskiej. Od strony ulicy Polowej s\u0105 tylko dwa wyj\u015bcia ewakuacyjne.<\/p>\n<\/section>\n<section id=\"a11y-komunikacja\">\n<h3>Dost\u0119pno\u015b\u0107 komunikacyjno-informacyjna<\/h3>\n<p>W budynku nie ma: p\u0119tli indukcyjnych, oznacze\u0144 w alfabecie Braille&#8217;a, oznacze\u0144 kontrastowych lub w druku powi\u0119kszonym dla os\u00f3b niewidomych i s\u0142abowidz\u0105cych. Do budynku mo\u017cna wej\u015b\u0107 z psem asystuj\u0105cym i psem przewodnikiem. Na terenie Szko\u0142y Podstawowej w Stawiskach nie ma t\u0142umacza j\u0119zyka migowego, ani mo\u017cliwo\u015bci skorzystania z us\u0142ugi t\u0142umacza on-line.<\/p>\n<\/section>\n<h2>Informacje zwrotne i dane kontaktowe<\/h2>\n<p>Wszystkie problemy z dost\u0119pno\u015bci\u0105 cyfrow\u0105 tej strony internetowej mo\u017cesz zg\u0142osi\u0107 do <span id=\"a11y-kontakt\">Tomasza Chojnowskiego<\/span> &#8211; mejlowo <a id=\"a11y-email\" href=\"mailto:sekretariat@spstawiski.pl\">sekretariat@spstawiski.pl<\/a> lub telefonicznie <a id=\"a11y-telefon\" href=\"tel:+48862785609\">(86) 278-56-09<\/a>.<\/p>\n<p>Ka\u017cdy ma prawo wyst\u0105pi\u0107 z \u017c\u0105daniem zapewnienia dost\u0119pno\u015bci cyfrowej tej strony internetowej lub jej element\u00f3w.<\/p>\n<p>Zg\u0142aszaj\u0105c takie \u017c\u0105danie podaj:<\/p>\n<ul>\n<li>swoje imi\u0119 i nazwisko,<\/li>\n<li>swoje dane kontaktowe (np. numer telefonu, e-mail),<\/li>\n<li>dok\u0142adny adres strony internetowej, na kt\u00f3rej jest niedost\u0119pny cyfrowo element lub tre\u015b\u0107,<\/li>\n<li>opis na czym polega problem i jaki spos\u00f3b jego rozwi\u0105zania by\u0142by dla Ciebie najwygodniejszy.<\/li>\n<\/ul>\n<p>Na Twoje zg\u0142oszenie odpowiemy najszybciej jak to mo\u017cliwe, nie p\u00f3\u017aniej ni\u017c w ci\u0105gu 7 dni od jego otrzymania.<\/p>\n<p>Je\u017celi ten termin b\u0119dzie dla nas zbyt kr\u00f3tki poinformujemy Ci\u0119 o tym. W tej informacji podamy nowy termin, do kt\u00f3rego poprawimy zg\u0142oszone przez Ciebie b\u0142\u0119dy lub przygotujemy informacje w alternatywny spos\u00f3b. Ten nowy termin nie b\u0119dzie d\u0142u\u017cszy ni\u017c 2 miesi\u0105ce.<\/p>\n<p>Je\u017celi nie b\u0119dziemy w stanie zapewni\u0107 dost\u0119pno\u015bci cyfrowej strony internetowej lub tre\u015bci, wskazanej w Twoim \u017c\u0105daniu, zaproponujemy Ci dost\u0119p do nich w alternatywny spos\u00f3b.<\/p>\n<section id=\"a11y-procedura\">\n<h3>Obs\u0142uga wniosk\u00f3w i skarg zwi\u0105zanych z dost\u0119pno\u015bci\u0105<\/h3>\n<p>Je\u017celi w odpowiedzi na Tw\u00f3j wniosek o zapewnienie dost\u0119pno\u015bci cyfrowej, odm\u00f3wimy zapewnienia \u017c\u0105danej przez Ciebie dost\u0119pno\u015bci cyfrowej, a Ty nie zgadzasz si\u0119 z t\u0105 odmow\u0105, masz prawo z\u0142o\u017cy\u0107 skarg\u0119.<\/p>\n<p>Skarg\u0119 masz prawo z\u0142o\u017cy\u0107 tak\u017ce, je\u015bli nie zgadzasz si\u0119 na skorzystanie z alternatywnego sposobu dost\u0119pu, kt\u00f3ry zaproponowali\u015bmy Ci w odpowiedzi na Tw\u00f3j wniosek o zapewnienie dost\u0119pno\u015bci cyfrowej.<\/p>\n<p>Ewentualn\u0105 skarg\u0119 z\u0142\u00f3\u017c listownie lub mejlowo do kierownictwa naszej szko\u0142y:<\/p>\n<ul>\n<li>Tomasz Chojnowski &#8211; Dyrektor,<\/li>\n<li>Adres: ul. Polowa 12, 18-520 Stawiski,<\/li>\n<li>mejl: <a href=\"mailto:sekretariat@spstawiski.pl\">sekretariat@spstawiski.pl<\/a>.<\/li>\n<\/ul>\n<p>Pomocne mog\u0105 by\u0107 informacje, kt\u00f3re mo\u017cna znale\u017a\u0107 na rz\u0105dowym portalu <a href=\"https:\/\/www.gov.pl\/web\/dostepnosc-cyfrowa\/dostepnosc-cyfrowa\">gov.pl<\/a>.<\/p>\n<p>Mo\u017cesz tak\u017ce poinformowa\u0107 o tej sytuacji <a href=\"https:\/\/bip.brpo.gov.pl\/\"> Rzecznika Praw Obywatelskich<\/a> i poprosi\u0107 o interwencj\u0119 w Twojej sprawie.<\/p>\n<\/section>\n<h3>Przygotowanie deklaracji dost\u0119pno\u015bci i jej aktualizacja<\/h3>\n<ul>\n<li>Data sporz\u0105dzenia deklaracji: <time id=\"a11y-data-sporzadzenie\" datetime=\"2020-09-21\">21 wrze\u015bnia 2020 roku.<\/time><\/li>\n<li>Data ostatniego przegl\u0105du deklaracji: <time id=\"a11y-dataprzeglad\" datetime=\"2025-03-31\">30 marca 2026 roku.<\/time><\/li>\n<\/ul>\n<p>Deklaracj\u0119 sporz\u0105dzili\u015bmy na podstawie samooceny.<\/p>\n","protected":false},"excerpt":{"rendered":"<p>Deklaracja dost\u0119pno\u015bci Szko\u0142a Podstawa im. Tadeusza Ko\u015bciuszki w Stawiskach zobowi\u0105zuje si\u0119 zapewni\u0107 dost\u0119pno\u015b\u0107 swojej strony internetowej zgodnie z ustaw\u0105 z dnia 4 kwietnia 2019 r.&hellip;<\/p>\n","protected":false},"author":1,"featured_media":0,"parent":0,"menu_order":0,"comment_status":"closed","ping_status":"closed","template":"","meta":{"footnotes":""},"class_list":["post-1795","page","type-page","status-publish","hentry"],"_links":{"self":[{"href":"https:\/\/spstawiski.pl\/index.php?rest_route=\/wp\/v2\/pages\/1795","targetHints":{"allow":["GET"]}}],"collection":[{"href":"https:\/\/spstawiski.pl\/index.php?rest_route=\/wp\/v2\/pages"}],"about":[{"href":"https:\/\/spstawiski.pl\/index.php?rest_route=\/wp\/v2\/types\/page"}],"author":[{"embeddable":true,"href":"https:\/\/spstawiski.pl\/index.php?rest_route=\/wp\/v2\/users\/1"}],"replies":[{"embeddable":true,"href":"https:\/\/spstawiski.pl\/index.php?rest_route=%2Fwp%2Fv2%2Fcomments&post=1795"}],"version-history":[{"count":26,"href":"https:\/\/spstawiski.pl\/index.php?rest_route=\/wp\/v2\/pages\/1795\/revisions"}],"predecessor-version":[{"id":1797,"href":"https:\/\/spstawiski.pl\/index.php?rest_route=\/wp\/v2\/pages\/1795\/revisions\/1797"}],"wp:attachment":[{"href":"https:\/\/spstawiski.pl\/index.php?rest_route=%2Fwp%2Fv2%2Fmedia&parent=1795"}],"curies":[{"name":"wp","href":"https:\/\/api.w.org\/{rel}","templated":true}]}}